{"id":14,"date":"2023-11-13T13:41:57","date_gmt":"2023-11-13T13:41:57","guid":{"rendered":"https:\/\/menjacnicadjura.rs\/?page_id=14"},"modified":"2023-11-14T08:36:00","modified_gmt":"2023-11-14T08:36:00","slug":"platne-usluge","status":"publish","type":"page","link":"https:\/\/menjacnicadjura.rs\/index.php\/platne-usluge\/","title":{"rendered":"Platne usluge"},"content":{"rendered":"\t\t<div data-elementor-type=\"wp-page\" data-elementor-id=\"14\" class=\"elementor elementor-14\" data-elementor-post-type=\"page\">\n\t\t\t\t<div class=\"elementor-element elementor-element-35d034f e-flex e-con-boxed e-con e-parent\" data-id=\"35d034f\" data-element_type=\"container\">\n\t\t\t\t\t<div class=\"e-con-inner\">\n\t\t\t\t\t<\/div>\n\t\t\t\t<\/div>\n\t\t<div class=\"elementor-element elementor-element-491dc29 e-flex e-con-boxed e-con e-parent\" data-id=\"491dc29\" data-element_type=\"container\">\n\t\t\t\t\t<div class=\"e-con-inner\">\n\t\t\t\t<div class=\"elementor-element elementor-element-e068a25 elementor-widget elementor-widget-image\" data-id=\"e068a25\" data-element_type=\"widget\" data-widget_type=\"image.default\">\n\t\t\t\t<div class=\"elementor-widget-container\">\n\t\t\t\t\t\t\t\t\t\t\t\t\t\t\t<img fetchpriority=\"high\" decoding=\"async\" width=\"690\" height=\"362\" src=\"https:\/\/menjacnicadjura.rs\/wp-content\/uploads\/2023\/11\/alta_pay_og_image-1.png\" class=\"attachment-full size-full wp-image-84\" alt=\"\" srcset=\"https:\/\/menjacnicadjura.rs\/wp-content\/uploads\/2023\/11\/alta_pay_og_image-1.png 690w, https:\/\/menjacnicadjura.rs\/wp-content\/uploads\/2023\/11\/alta_pay_og_image-1-300x157.png 300w\" sizes=\"(max-width: 690px) 100vw, 690px\" \/>\t\t\t\t\t\t\t\t\t\t\t\t\t\t\t<\/div>\n\t\t\t\t<\/div>\n\t\t\t\t<div class=\"elementor-element elementor-element-fc29ea0 elementor-widget elementor-widget-heading\" data-id=\"fc29ea0\" data-element_type=\"widget\" data-widget_type=\"heading.default\">\n\t\t\t\t<div class=\"elementor-widget-container\">\n\t\t\t\t\t<h2 class=\"elementor-heading-title elementor-size-default\">Dobrodo\u0161li u  menja\u010dnicu Djura, gde se brza i efikasna razmena sastaje s \u0161irokim spektrom finansijskih usluga. Pored sigurne i trenutne konverzije valuta, ponosno vam predstavljamo na\u0161u dodatnu ponudu \u2013 pla\u0107anje razli\u010ditih ra\u010duna i taksi.\n\n<\/h2>\t\t\t\t<\/div>\n\t\t\t\t<\/div>\n\t\t\t\t<div class=\"elementor-element elementor-element-13a1789 elementor-widget elementor-widget-heading\" data-id=\"13a1789\" data-element_type=\"widget\" data-widget_type=\"heading.default\">\n\t\t\t\t<div class=\"elementor-widget-container\">\n\t\t\t\t\t<h2 class=\"elementor-heading-title elementor-size-default\">U saradnji s kompanijom Alta Pay, omogu\u0107avamo vam jednostavno i pouzdano izmirenje razli\u010ditih obaveza. Bez obzira da li \u017eelite platiti MUP takse, ra\u010dune za telefon, komunalne usluge, katastarske takse ili sudske takse, na\u0161a menja\u010dnica je va\u0161a sveobuhvatna destinacija.\n<\/h2>\t\t\t\t<\/div>\n\t\t\t\t<\/div>\n\t\t\t\t<div class=\"elementor-element elementor-element-d4560b3 elementor-widget elementor-widget-heading\" data-id=\"d4560b3\" data-element_type=\"widget\" data-widget_type=\"heading.default\">\n\t\t\t\t<div class=\"elementor-widget-container\">\n\t\t\t\t\t<h2 class=\"elementor-heading-title elementor-size-default\">Zahvaljuju\u0107i na\u0161em integrisanom pristupu, mo\u017eete obaviti sve ove transakcije na jednom mestu, \u010dime \u0161tedite vreme i trud. Brza, sigurna i jednostavna pla\u0107anja postaju deo va\u0161eg iskustva u na\u0161oj menja\u010dnici.\n\n<\/h2>\t\t\t\t<\/div>\n\t\t\t\t<\/div>\n\t\t\t\t<div class=\"elementor-element elementor-element-4b8f58c elementor-widget elementor-widget-heading\" data-id=\"4b8f58c\" data-element_type=\"widget\" data-widget_type=\"heading.default\">\n\t\t\t\t<div class=\"elementor-widget-container\">\n\t\t\t\t\t<h2 class=\"elementor-heading-title elementor-size-default\">\nPru\u017eamo vam mogu\u0107nost da obavite uplate pazara, osiguravaju\u0107i da svaki finansijski korak bude lak, transparentan i prilago\u0111en va\u0161im potrebama. Uz nas, menjajte valute i upravljajte svojim finansijama na najefikasniji na\u010din, jer va\u0161e poverenje je na\u0161a najva\u017enija valuta.<\/h2>\t\t\t\t<\/div>\n\t\t\t\t<\/div>\n\t\t\t\t\t<\/div>\n\t\t\t\t<\/div>\n\t\t\t\t<\/div>\n\t\t","protected":false},"excerpt":{"rendered":"<p>Dobrodo\u0161li u menja\u010dnicu Djura, gde se brza i efikasna razmena sastaje s \u0161irokim spektrom finansijskih usluga. Pored sigurne i trenutne konverzije valuta, ponosno vam predstavljamo na\u0161u dodatnu ponudu \u2013 pla\u0107anje razli\u010ditih ra\u010duna i taksi. U saradnji s kompanijom Alta Pay, omogu\u0107avamo vam jednostavno i pouzdano izmirenje razli\u010ditih obaveza. Bez obzira da li \u017eelite platiti MUP [&hellip;]<\/p>\n","protected":false},"author":1,"featured_media":0,"parent":0,"menu_order":0,"comment_status":"closed","ping_status":"closed","template":"","meta":{"site-sidebar-layout":"no-sidebar","site-content-layout":"","ast-site-content-layout":"full-width-container","site-content-style":"default","site-sidebar-style":"default","ast-global-header-display":"","ast-banner-title-visibility":"","ast-main-header-display":"","ast-hfb-above-header-display":"","ast-hfb-below-header-display":"","ast-hfb-mobile-header-display":"","site-post-title":"disabled","ast-breadcrumbs-content":"","ast-featured-img":"disabled","footer-sml-layout":"","theme-transparent-header-meta":"","adv-header-id-meta":"","stick-header-meta":"","header-above-stick-meta":"","header-main-stick-meta":"","header-below-stick-meta":"","astra-migrate-meta-layouts":"default","ast-page-background-enabled":"default","ast-page-background-meta":{"desktop":{"background-color":"var(--ast-global-color-4)","background-image":"","background-repeat":"repeat","background-position":"center center","background-size":"auto","background-attachment":"scroll","background-type":"","background-media":"","overlay-type":"","overlay-color":"","overlay-opacity":"","overlay-gradient":""},"tablet":{"background-color":"","background-image":"","background-repeat":"repeat","background-position":"center center","background-size":"auto","background-attachment":"scroll","background-type":"","background-media":"","overlay-type":"","overlay-color":"","overlay-opacity":"","overlay-gradient":""},"mobile":{"background-color":"","background-image":"","background-repeat":"repeat","background-position":"center center","background-size":"auto","background-attachment":"scroll","background-type":"","background-media":"","overlay-type":"","overlay-color":"","overlay-opacity":"","overlay-gradient":""}},"ast-content-background-meta":{"desktop":{"background-color":"var(--ast-global-color-5)","background-image":"","background-repeat":"repeat","background-position":"center center","background-size":"auto","background-attachment":"scroll","background-type":"","background-media":"","overlay-type":"","overlay-color":"","overlay-opacity":"","overlay-gradient":""},"tablet":{"background-color":"var(--ast-global-color-5)","background-image":"","background-repeat":"repeat","background-position":"center center","background-size":"auto","background-attachment":"scroll","background-type":"","background-media":"","overlay-type":"","overlay-color":"","overlay-opacity":"","overlay-gradient":""},"mobile":{"background-color":"var(--ast-global-color-5)","background-image":"","background-repeat":"repeat","background-position":"center center","background-size":"auto","background-attachment":"scroll","background-type":"","background-media":"","overlay-type":"","overlay-color":"","overlay-opacity":"","overlay-gradient":""}},"footnotes":""},"class_list":["post-14","page","type-page","status-publish","hentry"],"_links":{"self":[{"href":"https:\/\/menjacnicadjura.rs\/index.php\/wp-json\/wp\/v2\/pages\/14","targetHints":{"allow":["GET"]}}],"collection":[{"href":"https:\/\/menjacnicadjura.rs\/index.php\/wp-json\/wp\/v2\/pages"}],"about":[{"href":"https:\/\/menjacnicadjura.rs\/index.php\/wp-json\/wp\/v2\/types\/page"}],"author":[{"embeddable":true,"href":"https:\/\/menjacnicadjura.rs\/index.php\/wp-json\/wp\/v2\/users\/1"}],"replies":[{"embeddable":true,"href":"https:\/\/menjacnicadjura.rs\/index.php\/wp-json\/wp\/v2\/comments?post=14"}],"version-history":[{"count":22,"href":"https:\/\/menjacnicadjura.rs\/index.php\/wp-json\/wp\/v2\/pages\/14\/revisions"}],"predecessor-version":[{"id":129,"href":"https:\/\/menjacnicadjura.rs\/index.php\/wp-json\/wp\/v2\/pages\/14\/revisions\/129"}],"wp:attachment":[{"href":"https:\/\/menjacnicadjura.rs\/index.php\/wp-json\/wp\/v2\/media?parent=14"}],"curies":[{"name":"wp","href":"https:\/\/api.w.org\/{rel}","templated":true}]}}